{"id":99,"date":"2018-08-31T18:22:56","date_gmt":"2018-08-31T16:22:56","guid":{"rendered":"http:\/\/smartlan.pl\/?page_id=99"},"modified":"2018-09-01T12:30:08","modified_gmt":"2018-09-01T10:30:08","slug":"smart-lan-tytulowa","status":"publish","type":"page","link":"https:\/\/smartlan.pl\/","title":{"rendered":"SMART LAN tytu\u0142owa"},"content":{"rendered":"<p>Witam, na stronie  mojej firmy Artur Wierzbanowski SMART LAN<\/p>\n<p>W firmie zosta\u0142y wdro\u017cone\u00a0\u00a0 zgodnie z ustaw\u0105 o ochronie danych osobowych\u00a0 procedury RODO.<\/p>\n<p>Specjalizuje si\u0119 w doradztwie informatycznym oraz wdro\u017ceniach system\u00f3w IT, instalacji elektrycznych, WLAN, LAN, DVB-T, SAT.<\/p>\n<p>Sprawd\u017a wszystkie us\u0142ugi kt\u00f3ry oferuje i skontaktuj si\u0119 ze mn\u0105!<\/p>\n","protected":false},"excerpt":{"rendered":"<p>Witam, na stronie mojej firmy Artur Wierzbanowski SMART LAN W firmie zosta\u0142y wdro\u017cone\u00a0\u00a0 zgodnie z ustaw\u0105 o ochronie danych osobowych\u00a0 procedury RODO. Specjalizuje si\u0119 w doradztwie informatycznym oraz wdro\u017ceniach system\u00f3w IT, instalacji elektrycznych, WLAN, LAN, DVB-T, SAT. Sprawd\u017a wszystkie us\u0142ugi kt\u00f3ry oferuje i skontaktuj si\u0119 ze mn\u0105!<\/p>\n","protected":false},"author":1,"featured_media":0,"parent":0,"menu_order":0,"comment_status":"closed","ping_status":"closed","template":"","meta":[],"_links":{"self":[{"href":"https:\/\/smartlan.pl\/index.php?rest_route=\/wp\/v2\/pages\/99"}],"collection":[{"href":"https:\/\/smartlan.pl\/index.php?rest_route=\/wp\/v2\/pages"}],"about":[{"href":"https:\/\/smartlan.pl\/index.php?rest_route=\/wp\/v2\/types\/page"}],"author":[{"embeddable":true,"href":"https:\/\/smartlan.pl\/index.php?rest_route=\/wp\/v2\/users\/1"}],"replies":[{"embeddable":true,"href":"https:\/\/smartlan.pl\/index.php?rest_route=%2Fwp%2Fv2%2Fcomments&post=99"}],"version-history":[{"count":5,"href":"https:\/\/smartlan.pl\/index.php?rest_route=\/wp\/v2\/pages\/99\/revisions"}],"predecessor-version":[{"id":180,"href":"https:\/\/smartlan.pl\/index.php?rest_route=\/wp\/v2\/pages\/99\/revisions\/180"}],"wp:attachment":[{"href":"https:\/\/smartlan.pl\/index.php?rest_route=%2Fwp%2Fv2%2Fmedia&parent=99"}],"curies":[{"name":"wp","href":"https:\/\/api.w.org\/{rel}","templated":true}]}}