{"id":64,"date":"2018-08-31T17:28:45","date_gmt":"2018-08-31T15:28:45","guid":{"rendered":"http:\/\/smartlan.pl\/?page_id=64"},"modified":"2021-10-13T12:40:47","modified_gmt":"2021-10-13T10:40:47","slug":"cennik","status":"publish","type":"page","link":"https:\/\/smartlan.pl\/?page_id=64","title":{"rendered":"Cennik"},"content":{"rendered":"<p>Cennik<\/p>\n<p>Cennik us\u0142ug \u015bwiadczonych przez firm\u0119 SMART LAN<br \/>\n(cennik nie dotyczy klient\u00f3w, kt\u00f3rzy podpisali umow\u0119 o sta\u0142ej wsp\u00f3\u0142pracy)<br \/>\nDo podanych cen nale\u017cy doda\u0107 podatek VAT w wysoko\u015bci 23%<br \/>\nWszystkie ceny podlegaj\u0105 negocjacji<\/p>\n<p>Prace zwi\u0105zane z instalacj\u0105 system\u00f3w sieciowych: Instalacja i konfiguracja serwera Microsoft, Linux od 800 PLN<\/p>\n<p>Interwencje :<br \/>\nka\u017cda rozpocz\u0119ta pierwsza godzina prac 150 PLN<br \/>\nka\u017cda kolejna rozpocz\u0119ta godzina 120 PLN<br \/>\nekspertyzy (za ka\u017cd\u0105 rozpocz\u0119t\u0105 godzin\u0119) 150 PLN<br \/>\nKoszt dojazdu: za ka\u017cdy przejechany km 2,00 PLN<\/p>\n<p>Powy\u017cszy cennik obowi\u0105zuje w dni robocze w godzinach 8.00 &#8211; 18.00<br \/>\nStawki ulegaj\u0105 podwy\u017cszeniu:<\/p>\n<p>za prace prowadzone w godzinach 18.00 &#8211; 22.00 o 25%<br \/>\nza prace prowadzone w godzinach 22.00 &#8211; 8.00 o 50%<br \/>\nza prace prowadzone w soboty o 50%<br \/>\nza prace prowadzone w niedziele i \u015bwi\u0119ta o 100%<\/p>\n<p>Powy\u017cszy cennik nie stanowi oferty w rozumieniu art. 66 kodeksu cywilnego<\/p>\n","protected":false},"excerpt":{"rendered":"<p>Cennik Cennik us\u0142ug \u015bwiadczonych przez firm\u0119 SMART LAN (cennik nie dotyczy klient\u00f3w, kt\u00f3rzy podpisali umow\u0119 o sta\u0142ej wsp\u00f3\u0142pracy) Do podanych cen nale\u017cy doda\u0107 podatek VAT w wysoko\u015bci 23% Wszystkie ceny podlegaj\u0105 negocjacji Prace zwi\u0105zane z instalacj\u0105 system\u00f3w sieciowych: Instalacja i konfiguracja serwera Microsoft, Linux od 800 PLN Interwencje : ka\u017cda rozpocz\u0119ta pierwsza godzina prac 150 &#8230; <a title=\"Cennik\" class=\"read-more\" href=\"https:\/\/smartlan.pl\/?page_id=64\" aria-label=\"More on Cennik\">Czytaj dalej<\/a><\/p>\n","protected":false},"author":1,"featured_media":0,"parent":0,"menu_order":0,"comment_status":"closed","ping_status":"closed","template":"","meta":[],"_links":{"self":[{"href":"https:\/\/smartlan.pl\/index.php?rest_route=\/wp\/v2\/pages\/64"}],"collection":[{"href":"https:\/\/smartlan.pl\/index.php?rest_route=\/wp\/v2\/pages"}],"about":[{"href":"https:\/\/smartlan.pl\/index.php?rest_route=\/wp\/v2\/types\/page"}],"author":[{"embeddable":true,"href":"https:\/\/smartlan.pl\/index.php?rest_route=\/wp\/v2\/users\/1"}],"replies":[{"embeddable":true,"href":"https:\/\/smartlan.pl\/index.php?rest_route=%2Fwp%2Fv2%2Fcomments&post=64"}],"version-history":[{"count":2,"href":"https:\/\/smartlan.pl\/index.php?rest_route=\/wp\/v2\/pages\/64\/revisions"}],"predecessor-version":[{"id":186,"href":"https:\/\/smartlan.pl\/index.php?rest_route=\/wp\/v2\/pages\/64\/revisions\/186"}],"wp:attachment":[{"href":"https:\/\/smartlan.pl\/index.php?rest_route=%2Fwp%2Fv2%2Fmedia&parent=64"}],"curies":[{"name":"wp","href":"https:\/\/api.w.org\/{rel}","templated":true}]}}