{"id":61,"date":"2018-08-31T17:28:12","date_gmt":"2018-08-31T15:28:12","guid":{"rendered":"http:\/\/smartlan.pl\/?page_id=61"},"modified":"2018-08-31T17:28:27","modified_gmt":"2018-08-31T15:28:27","slug":"opis-uslug","status":"publish","type":"page","link":"https:\/\/smartlan.pl\/?page_id=61","title":{"rendered":"Opis Us\u0142ug"},"content":{"rendered":"<p>Obs\u0142uga informatyczna firm, wsparcie techniczne i informatyczne, opieka informatyczna, to podstawowy rodzaj us\u0142ug,<br \/>\nZadowoleni Klienci to moja najskuteczniejsza reklama. Ich pozytywne opinie powoduj\u0105, \u017ce kr\u0105g moich Klient\u00f3w powi\u0119ksza si\u0119.<br \/>\nDzi\u0119ki mojej pomocy mog\u0105 spa\u0107 spokojnie i nie musz\u0105 si\u0119 zna\u0107 ani na informatyce ani na komputerach. Jak to robimy? Odpowied\u017a na to pytanie znajd\u0105 Pa\u0144stwo przegl\u0105daj\u0105c poni\u017cej podstawowy scenariusz nawi\u0105zania wsp\u00f3\u0142pracy,<br \/>\ncho\u0107 &#8211; tak na prawd\u0119 &#8211; pierwszy etap to budowa wzajemnego zaufania.<\/p>\n<p>Pierwszym etapem wsp\u00f3\u0142pracy jest badanie stanu aktualnego :<br \/>\ninstalacji elektrycznej, (posiadam uprawnienia w zakresie eksploatacji, dozoru i pomiar\u00f3w instalacji elektrycznych do 1kV).&lt;\/li&gt;<br \/>\nanaliza bezpiecze\u0144stwa kluczowych pomieszcze\u0144 firmy(serwerownia, ksi\u0119gowo\u015b\u0107, kasa)&lt;\/li&gt;<br \/>\nmo\u017cliwo\u015b\u0107 instalacji systemu alarmowego i\/lub monitoringu IP (posiadam Licencje zabezpieczenia technicznego).&lt;\/li&gt;<br \/>\nanaliza bezpiecze\u0144stwa danych (sprz\u0119t, oprogramowanie, LAN, backup, firewall, VPN )&lt;\/li&gt;<br \/>\nCisco, Zyxel Zywall, Synology, Gigabyte, Asus, Dell, IBM, HP, Brother, DSC, Vivotek, Legrand.&lt;\/li&gt;<br \/>\nnaprawa i modernizacja sprz\u0119tu komputerowego i elektronicznego &lt;\/li&gt;<br \/>\ninstalacje LAN ,TEL,VOIP,CCTV IP (monta\u017c szaf Rack )<\/p>\n<p>Wydzielony komputer &#8211; serwer &#8211; w wydzielonym pomieszczeniu &#8211; to wz\u00f3r idealne rozwi\u0105zanie godne na\u015bladowania. W przypadku braku mo\u017cliwo\u015bci przeznaczenia oddzielnego pomieszczenia , nale\u017cy sprz\u0119t kluczowy umie\u015bci\u0107 w szafie rackowej .Takie rozwi\u0105zanie pozwala zabezpieczy\u0107 dost\u0119p fizyczny do najcenniejszego miejsca w firmie &#8211; miejsca przechowywania danych. O wiele \u0142atwiej r\u00f3wnie\u017c w takim przypadku o zabezpieczenie przed skutkami awarii zasilania (UPS, mo\u017cliwo\u015b\u0107 wykonania instalacji elektrycznej zasilanej z r\u00f3\u017cnych rozdzielni elektrycznych) serwerowni\/szafy lub sprz\u0119tu komputerowego.<\/p>\n<p>Pomieszczenie serwera cz\u0119sto jest te\u017c centralnym punktem firmy gdzie zbiega si\u0119 okablowanie strukturalne (szafa dystrybucyjna). Okablowanie takie pozwala w ka\u017cdej chwili zmieni\u0107 przeznaczenie dowolnego gniazdka w firmie z gniazda sieci komputerowej . Warto zainwestowa\u0107 w okablowanie strukturalne LAN\/TEL\/230V(wykonane w korytkach , z mo\u017cliwo\u015bci\u0105 zmiany lokalizacji i rozbudowy &#8211; unikamy problem\u00f3w z paj\u0119czyn\u0105 kabli oplataj\u0105cych pokoje oraz problemem przeprowadzki i zamiany miejsc pracownik\u00f3w &#8211; dobrze zaplanowana sie\u0107 to gniazdko czekaj\u0105ce na pracownika w dowolnym miejscu firmy.<br \/>\nWi\u0119kszo\u015b\u0107 element\u00f3w sieci komputerowej mo\u017cna wymienia\u0107 lub modernizowa\u0107. Najtrudniejsze do modernizacji lub wymiany jest okablowanie strukturalne. Modernizacja okablowania strukturalnego najcz\u0119\u015bciej jest zwi\u0105zana z gruntownym remontem pomieszcze\u0144 firmy, dlatego raz i dobrze wykonane powinno s\u0142u\u017cy\u0107 przez kilkana\u015bcie lat.<br \/>\n&#8211; analiza potrzeb , oraz kolejno\u015b\u0107 ich realizowania (kosztorys wst\u0119pny koszt\u00f3w)<br \/>\nModernizacja czyli zwi\u0119kszanie bezpiecze\u0144stwa i niezawodno\u015bci,<br \/>\nPost\u0119p technologiczny powoduje, \u017ce \u015brednio co 3 lata komputery powinny by\u0107 modernizowane lub wymieniane na nowe. Oczywi\u015bcie &#8211; nie ma obowi\u0105zku wymiany komputer\u00f3w. Decyduj\u0105c\u0105 rol\u0119 odgrywaj\u0105 tutaj ekonomia i zdrowy rozs\u0105dek.<br \/>\nPosiadaj\u0105c aktualn\u0105 dokumentacj\u0119 sprz\u0119tu komputerowego, sieci komputerowej oraz list\u0119 zainstalowanych program\u00f3w mo\u017cna przej\u015b\u0107 do etapu konserwacji i modernizacji sprz\u0119tu komputerowego. Nie zawsze powodem modernizacji jest wi\u0119ksza moc obliczeniowa (szybko\u015b\u0107 dzia\u0142ania) nowego sprz\u0119tu komputerowego:<br \/>\nZapobieganie awariom.<br \/>\nElementy i podzespo\u0142y pracuj\u0105ce bez przerwy zu\u017cywaj\u0105 si\u0119 (np: \u0142o\u017cyska w dyskach twardych) lub zmieniaj\u0105 si\u0119 ich parametry (np: kondensatory elektrolityczne wlutowane w zasilacze, p\u0142yty g\u0142\u00f3wne). Wymiana sprz\u0119tu w takim przypadku ma charakter dzia\u0142ania prewencyjnego: zanim nast\u0105pi awaria.<br \/>\nZwi\u0119kszanie bezpiecze\u0144stwa.<br \/>\nWiedz\u0105c jak dzia\u0142a firma mo\u017cna wytypowa\u0107 miejsca szczeg\u00f3lnie wra\u017cliwe na awarie i przerwy w pracy. Wykorzystanie zasilaczy awaryjnych pozwala bezpiecznie zapisa\u0107 prac\u0119 i wy\u0142\u0105czy\u0107 komputery w razie przerwy w dostawie zasilania. Dublowanie zasilaczy w serwerze czy te\u017c dwa twarde dyski zapisuj\u0105ce r\u00f3wnocze\u015bnie te same informacje (tzw. mirroring) pozwalaj\u0105 uniezale\u017cni\u0107 si\u0119 od pewnego rodzaju awarii.<br \/>\nDubluj\u0105c elementy zak\u0142adamy, \u017ce nie ulegn\u0105 one r\u00f3wnocze\u015bnie awarii. Do\u015bwiadczenie nauczy\u0142o nas, \u017ce i taka sytuacja mo\u017ce si\u0119 zda\u017cy\u0107. Dlatego te\u017c regularny monitoring sprz\u0119tu i okresowa konserwacja (czyszczenie) stanowi\u0105 uzupe\u0142nienie metod zapobiegania awariom.<\/p>\n<p>zdalna obs\u0142uga i pomoc<br \/>\nkonfiguracja podstawowych i zaawansowanych program\u00f3w u\u017cywanych w firmie.<br \/>\nusuwanie awarii: elektrycznych, Internetu, sprz\u0119tu i osprz\u0119tu komputerowego,<br \/>\nwdro\u017cenia &#8211; wymiana oprogramowania wspomagaj\u0105cego dzia\u0142anie firmy<\/p>\n<p>Windows<br \/>\nLinux<br \/>\nSage<br \/>\nInsert<\/p>\n<p>Rozwijaj\u0105ca si\u0119 firma mo\u017ce stan\u0105\u0107 przed problemem wymiany oprogramowania wspomagaj\u0105cego prowadzenie biznesu. Powod\u00f3w mo\u017ce by\u0107 kilka:<br \/>\ndotychczasowe oprogramowanie wstrzymuje prac\u0119 firmy &#8211; osi\u0105gn\u0119\u0142o granice swoich mo\u017cliwo\u015bci<br \/>\nzmiana charakteru prowadzonej dzia\u0142alno\u015bci a co za tym idzie wymaga\u0144 w stosunku do oprogramowania<br \/>\nzmiana technologii &#8211; wymiana sprz\u0119tu komputerowego<br \/>\nZa ka\u017cdym razem wdro\u017cenie jest procesem, kt\u00f3ry trzeba zaplanowa\u0107 d\u0142ugo wcze\u015bniej. Z mojego do\u015bwiadczenia najlepszy czas na wymian\u0119 oprogramowania to okres wakacyjny lub<br \/>\npocz\u0105tek roku.<\/p>\n","protected":false},"excerpt":{"rendered":"<p>Obs\u0142uga informatyczna firm, wsparcie techniczne i informatyczne, opieka informatyczna, to podstawowy rodzaj us\u0142ug, Zadowoleni Klienci to moja najskuteczniejsza reklama. Ich pozytywne opinie powoduj\u0105, \u017ce kr\u0105g moich Klient\u00f3w powi\u0119ksza si\u0119. Dzi\u0119ki mojej pomocy mog\u0105 spa\u0107 spokojnie i nie musz\u0105 si\u0119 zna\u0107 ani na informatyce ani na komputerach. Jak to robimy? Odpowied\u017a na to pytanie znajd\u0105 Pa\u0144stwo &#8230; <a title=\"Opis Us\u0142ug\" class=\"read-more\" href=\"https:\/\/smartlan.pl\/?page_id=61\" aria-label=\"More on Opis Us\u0142ug\">Czytaj dalej<\/a><\/p>\n","protected":false},"author":1,"featured_media":0,"parent":0,"menu_order":0,"comment_status":"closed","ping_status":"closed","template":"","meta":[],"_links":{"self":[{"href":"https:\/\/smartlan.pl\/index.php?rest_route=\/wp\/v2\/pages\/61"}],"collection":[{"href":"https:\/\/smartlan.pl\/index.php?rest_route=\/wp\/v2\/pages"}],"about":[{"href":"https:\/\/smartlan.pl\/index.php?rest_route=\/wp\/v2\/types\/page"}],"author":[{"embeddable":true,"href":"https:\/\/smartlan.pl\/index.php?rest_route=\/wp\/v2\/users\/1"}],"replies":[{"embeddable":true,"href":"https:\/\/smartlan.pl\/index.php?rest_route=%2Fwp%2Fv2%2Fcomments&post=61"}],"version-history":[{"count":2,"href":"https:\/\/smartlan.pl\/index.php?rest_route=\/wp\/v2\/pages\/61\/revisions"}],"predecessor-version":[{"id":63,"href":"https:\/\/smartlan.pl\/index.php?rest_route=\/wp\/v2\/pages\/61\/revisions\/63"}],"wp:attachment":[{"href":"https:\/\/smartlan.pl\/index.php?rest_route=%2Fwp%2Fv2%2Fmedia&parent=61"}],"curies":[{"name":"wp","href":"https:\/\/api.w.org\/{rel}","templated":true}]}}