{"id":48,"date":"2018-08-31T16:55:52","date_gmt":"2018-08-31T14:55:52","guid":{"rendered":"http:\/\/smartlan.pl\/?page_id=48"},"modified":"2018-09-01T11:16:02","modified_gmt":"2018-09-01T09:16:02","slug":"pomoc-zdalna","status":"publish","type":"page","link":"https:\/\/smartlan.pl\/?page_id=48","title":{"rendered":"Pomoc zdalna"},"content":{"rendered":"<p>Zdalna\u00a0 pomoc realizowana jest przy pomocy profesjonalnej licencjonowanej aplikacji\u00a0 TeamViewer<br \/>\nPrzed pobraniem programu prosz\u0119 o  wype\u0142nienie formularza kontaktowego. (G\u00f3rne menu &#8211; Kontakt)<br \/>\n<!-- TeamViewer Logo (generated at https:\/\/www.teamviewer.com) --><\/p>\n<p>Je\u017celi potrzebujesz tego programu to kliknij na obrazek.<\/p>\n<div style=\"position: relative; width: 200px; height: 125px;\"><a style=\"text-decoration: none;\" href=\"http:\/\/www.teamviewer.com\/link\/?url=505374&amp;id=1531190875\"><br \/>\n<img loading=\"lazy\" title=\"Pobierz modu\u0142 QuickSupport programu TeamViewer\" src=\"http:\/\/www.teamviewer.com\/link\/?url=246800&amp;id=575962463\" alt=\"Pobierz modu\u0142 QuickSupport programu TeamViewer\" width=\"200\" height=\"125\" border=\"0\" \/><br \/>\n<span style=\"position: absolute; top: 74.5px; left: 5px; display: block; cursor: pointer; color: white; font-family: Arial; font-size: 15px; line-height: 1.2em; font-weight: bold; text-align: center; width: 190px;\"><br \/>\nPobierz aplikacj\u0119 TeamViewer<br \/>\n<\/span><br \/>\n<\/a><\/div>\n","protected":false},"excerpt":{"rendered":"<p>Zdalna\u00a0 pomoc realizowana jest przy pomocy profesjonalnej licencjonowanej aplikacji\u00a0 TeamViewer Przed pobraniem programu prosz\u0119 o wype\u0142nienie formularza kontaktowego. (G\u00f3rne menu &#8211; Kontakt) Je\u017celi potrzebujesz tego programu to kliknij na obrazek. Pobierz aplikacj\u0119 TeamViewer<\/p>\n","protected":false},"author":1,"featured_media":0,"parent":0,"menu_order":0,"comment_status":"closed","ping_status":"closed","template":"","meta":[],"_links":{"self":[{"href":"https:\/\/smartlan.pl\/index.php?rest_route=\/wp\/v2\/pages\/48"}],"collection":[{"href":"https:\/\/smartlan.pl\/index.php?rest_route=\/wp\/v2\/pages"}],"about":[{"href":"https:\/\/smartlan.pl\/index.php?rest_route=\/wp\/v2\/types\/page"}],"author":[{"embeddable":true,"href":"https:\/\/smartlan.pl\/index.php?rest_route=\/wp\/v2\/users\/1"}],"replies":[{"embeddable":true,"href":"https:\/\/smartlan.pl\/index.php?rest_route=%2Fwp%2Fv2%2Fcomments&post=48"}],"version-history":[{"count":8,"href":"https:\/\/smartlan.pl\/index.php?rest_route=\/wp\/v2\/pages\/48\/revisions"}],"predecessor-version":[{"id":176,"href":"https:\/\/smartlan.pl\/index.php?rest_route=\/wp\/v2\/pages\/48\/revisions\/176"}],"wp:attachment":[{"href":"https:\/\/smartlan.pl\/index.php?rest_route=%2Fwp%2Fv2%2Fmedia&parent=48"}],"curies":[{"name":"wp","href":"https:\/\/api.w.org\/{rel}","templated":true}]}}