{"id":46,"date":"2018-08-31T16:55:33","date_gmt":"2018-08-31T14:55:33","guid":{"rendered":"http:\/\/smartlan.pl\/?page_id=46"},"modified":"2021-10-13T12:42:53","modified_gmt":"2021-10-13T10:42:53","slug":"o-firmie","status":"publish","type":"page","link":"https:\/\/smartlan.pl\/?page_id=46","title":{"rendered":"O firmie"},"content":{"rendered":"<p>Indywidualne podej\u015bcie do ka\u017cdego klienta i profesjonalne doradztwo<br \/>\noraz kompleksowe wykonywanie us\u0142ug to wizyt\u00f3wka rzetelno\u015bci mojej<br \/>\nfirmy.<\/p>\n<p>Artur Wierzbanowski<br \/>\nSMART LAN<br \/>\nos. Bohater\u00f3w Wrze\u015bnia 3\/24<br \/>\n31-621 Krak\u00f3w<br \/>\ntel: 502 348 286<br \/>\nNIP: 678 126 39 89<br \/>\nREGON: 122660213<\/p>\n<p>Uprawniony do wykonywania prac kontrolno pomiarowych<br \/>\n\u015awiadectwo Kwalifikacyjne Eksploatacji Nr E\/549\/18<br \/>\n\u015awiadectwo Kwalifikacyjne Dozoru Nr D\/549\/18<br \/>\nz dn. 16.05.2018 wyd. przez Komisj\u0119 Kwalifikacyjn\u0105<br \/>\nprzy Arcelor Mittal Poland S.A Oddzia\u0142 Krak\u00f3w<\/p>\n<p>Licencja pracownika zabezpieczenia technicznego<br \/>\npierwszego stopnia<br \/>\nWydana przez<br \/>\nMa\u0142opolski Komendant Wojew\u00f3dzki Policji<\/p>\n","protected":false},"excerpt":{"rendered":"<p>Indywidualne podej\u015bcie do ka\u017cdego klienta i profesjonalne doradztwo oraz kompleksowe wykonywanie us\u0142ug to wizyt\u00f3wka rzetelno\u015bci mojej firmy. Artur Wierzbanowski SMART LAN os. Bohater\u00f3w Wrze\u015bnia 3\/24 31-621 Krak\u00f3w tel: 502 348 286 NIP: 678 126 39 89 REGON: 122660213 Uprawniony do wykonywania prac kontrolno pomiarowych \u015awiadectwo Kwalifikacyjne Eksploatacji Nr E\/549\/18 \u015awiadectwo Kwalifikacyjne Dozoru Nr D\/549\/18 z &#8230; <a title=\"O firmie\" class=\"read-more\" href=\"https:\/\/smartlan.pl\/?page_id=46\" aria-label=\"More on O firmie\">Czytaj dalej<\/a><\/p>\n","protected":false},"author":1,"featured_media":0,"parent":0,"menu_order":0,"comment_status":"closed","ping_status":"closed","template":"","meta":[],"_links":{"self":[{"href":"https:\/\/smartlan.pl\/index.php?rest_route=\/wp\/v2\/pages\/46"}],"collection":[{"href":"https:\/\/smartlan.pl\/index.php?rest_route=\/wp\/v2\/pages"}],"about":[{"href":"https:\/\/smartlan.pl\/index.php?rest_route=\/wp\/v2\/types\/page"}],"author":[{"embeddable":true,"href":"https:\/\/smartlan.pl\/index.php?rest_route=\/wp\/v2\/users\/1"}],"replies":[{"embeddable":true,"href":"https:\/\/smartlan.pl\/index.php?rest_route=%2Fwp%2Fv2%2Fcomments&post=46"}],"version-history":[{"count":5,"href":"https:\/\/smartlan.pl\/index.php?rest_route=\/wp\/v2\/pages\/46\/revisions"}],"predecessor-version":[{"id":187,"href":"https:\/\/smartlan.pl\/index.php?rest_route=\/wp\/v2\/pages\/46\/revisions\/187"}],"wp:attachment":[{"href":"https:\/\/smartlan.pl\/index.php?rest_route=%2Fwp%2Fv2%2Fmedia&parent=46"}],"curies":[{"name":"wp","href":"https:\/\/api.w.org\/{rel}","templated":true}]}}