{"id":38,"date":"2018-08-31T16:53:14","date_gmt":"2018-08-31T14:53:14","guid":{"rendered":"http:\/\/smartlan.pl\/?page_id=38"},"modified":"2018-08-31T17:35:45","modified_gmt":"2018-08-31T15:35:45","slug":"dla-domu","status":"publish","type":"page","link":"https:\/\/smartlan.pl\/?page_id=38","title":{"rendered":"Dla domu"},"content":{"rendered":"<p>Zadowoleni Klienci to moja najskuteczniejsza reklama. Ich pozytywne opinie powoduj\u0105, \u017ce kr\u0105g naszych Klient\u00f3w powi\u0119ksza si\u0119.<br \/>\ninstalacje elektryczne (awarie, modernizacje, nowe, pod\u0142\u0105czanie, sprz\u0119tu)<br \/>\ninstalacje antenowe (DVB-T, SAT, WLAN,)<br \/>\ninstalacje zabezpieczaj\u0105ce zdrowie i mienie (domofony, wideofony, kamery , alarmy,)<br \/>\nnaprawa i modernizacja sprz\u0119tu komputerowego(pomoc zdalna, backup danych)<br \/>\nnaprawa sprz\u0119tu AGD<\/p>\n<p>Na wszystkie wykonane us\u0142ugi s\u0105 wystawiane Faktury , kt\u00f3ra jest jednocze\u015bnie gwarancj\u0105 ( 6 miesi\u0119cy) na wykonan\u0105 us\u0142ug\u0119.<\/p>\n<p>Do podanych cen nale\u017cy doda\u0107 podatek VAT w wysoko\u015bci 23%<br \/>\nWszystkie ceny podlegaj\u0105 negocjacji<\/p>\n<p>Przyk\u0142adowe ceny :<\/p>\n<p>Awarie elektryczne od 60z\u0142<br \/>\nRegulacja anteny zamontowanej na balkonie od 40z\u0142<br \/>\nMonta\u017c i pod\u0142\u0105czenie kamer wewn\u0119trznych od 65z\u0142<br \/>\nInstalacja systemu operacyjnego od 50z\u0142<br \/>\nDiagnoza usterki w przypadku nie korzystania z serwisu od 40z\u0142<br \/>\nDiagnoza usterki przy p\u00f3\u017aniejszej naprawie &#8211; 0z\u0142<br \/>\nSprawdzenie wyrobu bez wymiany cz\u0119\u015bci, czyszczenie od 50z\u0142<br \/>\nNaprawa programatora od 150z\u0142<\/p>\n","protected":false},"excerpt":{"rendered":"<p>Zadowoleni Klienci to moja najskuteczniejsza reklama. Ich pozytywne opinie powoduj\u0105, \u017ce kr\u0105g naszych Klient\u00f3w powi\u0119ksza si\u0119. instalacje elektryczne (awarie, modernizacje, nowe, pod\u0142\u0105czanie, sprz\u0119tu) instalacje antenowe (DVB-T, SAT, WLAN,) instalacje zabezpieczaj\u0105ce zdrowie i mienie (domofony, wideofony, kamery , alarmy,) naprawa i modernizacja sprz\u0119tu komputerowego(pomoc zdalna, backup danych) naprawa sprz\u0119tu AGD Na wszystkie wykonane us\u0142ugi s\u0105 wystawiane &#8230; <a title=\"Dla domu\" class=\"read-more\" href=\"https:\/\/smartlan.pl\/?page_id=38\" aria-label=\"More on Dla domu\">Czytaj dalej<\/a><\/p>\n","protected":false},"author":1,"featured_media":0,"parent":0,"menu_order":0,"comment_status":"closed","ping_status":"closed","template":"","meta":[],"_links":{"self":[{"href":"https:\/\/smartlan.pl\/index.php?rest_route=\/wp\/v2\/pages\/38"}],"collection":[{"href":"https:\/\/smartlan.pl\/index.php?rest_route=\/wp\/v2\/pages"}],"about":[{"href":"https:\/\/smartlan.pl\/index.php?rest_route=\/wp\/v2\/types\/page"}],"author":[{"embeddable":true,"href":"https:\/\/smartlan.pl\/index.php?rest_route=\/wp\/v2\/users\/1"}],"replies":[{"embeddable":true,"href":"https:\/\/smartlan.pl\/index.php?rest_route=%2Fwp%2Fv2%2Fcomments&post=38"}],"version-history":[{"count":4,"href":"https:\/\/smartlan.pl\/index.php?rest_route=\/wp\/v2\/pages\/38\/revisions"}],"predecessor-version":[{"id":68,"href":"https:\/\/smartlan.pl\/index.php?rest_route=\/wp\/v2\/pages\/38\/revisions\/68"}],"wp:attachment":[{"href":"https:\/\/smartlan.pl\/index.php?rest_route=%2Fwp%2Fv2%2Fmedia&parent=38"}],"curies":[{"name":"wp","href":"https:\/\/api.w.org\/{rel}","templated":true}]}}