{"id":36,"date":"2018-08-31T16:52:33","date_gmt":"2018-08-31T14:52:33","guid":{"rendered":"http:\/\/smartlan.pl\/?page_id=36"},"modified":"2020-03-11T12:11:40","modified_gmt":"2020-03-11T10:11:40","slug":"archiwizacja-danych","status":"publish","type":"page","link":"https:\/\/smartlan.pl\/?page_id=36","title":{"rendered":"Archiwizacja i odzyskiwanie danych"},"content":{"rendered":"<p>Podej\u015bcie do backupu po 25.05.2018 bardzo si\u0119 zmieni\u0142o .<\/p>\n<p>RODO\u00a0 wprowadzi\u0142o obowi\u0105zek wykonywania archiwizacji danych.<\/p>\n<p>Oferta wdro\u017cenia backup\u00f3w mo\u017ce opiera\u0107 si\u0119 na:<\/p>\n<p>Szyfrowaniu backup\u00f3w ,<\/p>\n<p>Wdro\u017ceniu w\u0142asnych skrypt\u00f3w do archiwizacji,<\/p>\n<p>Skorzystania z gotowych rozwi\u0105za\u0144 oferowanych przez serwery NAS ( n.p Synology),<\/p>\n<p>Skorzystania z gotowych rozwi\u0105za\u0144 oferowanych przez Chmury ( n.p Acronis),<\/p>\n<p>&nbsp;<\/p>\n","protected":false},"excerpt":{"rendered":"<p>Podej\u015bcie do backupu po 25.05.2018 bardzo si\u0119 zmieni\u0142o . RODO\u00a0 wprowadzi\u0142o obowi\u0105zek wykonywania archiwizacji danych. Oferta wdro\u017cenia backup\u00f3w mo\u017ce opiera\u0107 si\u0119 na: Szyfrowaniu backup\u00f3w , Wdro\u017ceniu w\u0142asnych skrypt\u00f3w do archiwizacji, Skorzystania z gotowych rozwi\u0105za\u0144 oferowanych przez serwery NAS ( n.p Synology), Skorzystania z gotowych rozwi\u0105za\u0144 oferowanych przez Chmury ( n.p Acronis), &nbsp;<\/p>\n","protected":false},"author":1,"featured_media":0,"parent":0,"menu_order":0,"comment_status":"closed","ping_status":"closed","template":"","meta":[],"_links":{"self":[{"href":"https:\/\/smartlan.pl\/index.php?rest_route=\/wp\/v2\/pages\/36"}],"collection":[{"href":"https:\/\/smartlan.pl\/index.php?rest_route=\/wp\/v2\/pages"}],"about":[{"href":"https:\/\/smartlan.pl\/index.php?rest_route=\/wp\/v2\/types\/page"}],"author":[{"embeddable":true,"href":"https:\/\/smartlan.pl\/index.php?rest_route=\/wp\/v2\/users\/1"}],"replies":[{"embeddable":true,"href":"https:\/\/smartlan.pl\/index.php?rest_route=%2Fwp%2Fv2%2Fcomments&post=36"}],"version-history":[{"count":5,"href":"https:\/\/smartlan.pl\/index.php?rest_route=\/wp\/v2\/pages\/36\/revisions"}],"predecessor-version":[{"id":182,"href":"https:\/\/smartlan.pl\/index.php?rest_route=\/wp\/v2\/pages\/36\/revisions\/182"}],"wp:attachment":[{"href":"https:\/\/smartlan.pl\/index.php?rest_route=%2Fwp%2Fv2%2Fmedia&parent=36"}],"curies":[{"name":"wp","href":"https:\/\/api.w.org\/{rel}","templated":true}]}}